{"id":17,"date":"2022-10-29T18:00:09","date_gmt":"2022-10-29T18:00:09","guid":{"rendered":"https:\/\/kodinetsijat.ksesy.fi\/?page_id=17"},"modified":"2025-02-13T10:39:39","modified_gmt":"2025-02-13T07:39:39","slug":"adoptioinfo","status":"publish","type":"page","link":"https:\/\/kodinetsijat.ksesy.fi\/?page_id=17","title":{"rendered":"Adoptioinfo"},"content":{"rendered":"\n<h3 class=\"wp-block-heading\">Yleist\u00e4<\/h3>\n\n\n\n<ul class=\"wp-block-list\"><li>Yhdistyksen kissat ja koirat luovutetaan uuteen kotiin el\u00e4inl\u00e4\u00e4k\u00e4rin tarkastamina, sirutettuina, loish\u00e4\u00e4dettyin\u00e4 ja rokotettuina sek\u00e4 leikattuina tai leikkausmaksusitoumuksella. Kanit luovutetaan leikattuina, sirutettuina ja RHD-rokotettuina.<\/li><li>El\u00e4imen mikrosiru rekister\u00f6id\u00e4\u00e4n yhdistyksen toimesta&nbsp;<a href=\"https:\/\/turvasiru.fi\/\">Turvasiruun<\/a>. Uuden omistajan tulee huolehtia koiransa rekister\u00f6iminen <a rel=\"noreferrer noopener\" href=\"https:\/\/koira.lemmikkielainrekisteri.fi\/\" target=\"_blank\">koirarekisteriin<\/a>.<\/li><li>Kissoja ei koskaan luovuteta vapaasti ulkoileviksi.<\/li><li>Kissanpentujen luovutusik\u00e4 on aina v\u00e4hint\u00e4\u00e4n 14 viikkoa.<\/li><li>El\u00e4imi\u00e4, esimerkiksi pentuja, ei voi varata ennakkoon.<\/li><li>El\u00e4int\u00e4 ei koskaan saa mukaansa ensimm\u00e4isell\u00e4 kerralla. Siihen tulee my\u00f6s tutustua sen ollessa sijaiskodissa ennen luovutusta.<\/li><li>El\u00e4in tulee olla kokonaisuudessaan maksettu ennen luovutusta taikka rekister\u00f6inti\u00e4 uuden kodin nimiin. <\/li><li>Lajiseuraa kaipaavia el\u00e4imi\u00e4 ei luovuteta ainoaksi el\u00e4imeksi. T\u00e4m\u00e4 koskee my\u00f6s kissanpentuja.<\/li><li>El\u00e4in luovutetaan vain t\u00e4ysi-ik\u00e4iselle.<\/li><li>Tiedustelut ainoastaan kodinetsint\u00e4ilmoituksen lopussa mainitulla tavalla,&nbsp;<strong>EI neuvontapuhelimeen!<\/strong><\/li><\/ul>\n\n\n\n<h3 class=\"wp-block-heading\">Jos harkitset el\u00e4imen ottamista yhdistykselt\u00e4, huomioithan seuraavat seikat:<\/h3>\n\n\n\n<ul class=\"wp-block-list\"><li>El\u00e4imet ovat per\u00e4isin todella erilaisista olosuhteista. Kaikkien taustoja ei v\u00e4ltt\u00e4m\u00e4tt\u00e4 tiedet\u00e4 kovin tarkasti. Mik\u00e4li el\u00e4imell\u00e4 on piilevi\u00e4 sairauksia, joita ei ole yhdistyksen el\u00e4inl\u00e4\u00e4k\u00e4rik\u00e4ynnill\u00e4 havaittu, sairauden hoito ja siit\u00e4 aiheutuvat kustannukset kuuluvat uudelle kodille.<\/li><li>Jos el\u00e4in ei ole viel\u00e4 luovutushetkell\u00e4 leikattu, tulee sen mukana leikkausmaksusitoumus. Uuden omistajan on k\u00e4ytett\u00e4v\u00e4 el\u00e4in leikkauksessa sopimusehtojen mukaisesti.<\/li><li>Jokainen el\u00e4in on yksil\u00f6. Siksi kodinetsint\u00e4ilmoitukseen tulee tutustua huolellisesti, ja vasta t\u00e4m\u00e4n j\u00e4lkeen pohtia el\u00e4imen sopivuutta omaan kotiin.<\/li><li>Kerro itsest\u00e4si ja tarjolla olevasta kodista mahdollisimman kattavasti jo ensimm\u00e4isess\u00e4 yhteydenotossasi sijaiskodille.<\/li><li>Kattavimmat hakemukset huomioidaan ja sopivilta vaikuttavat kotiehdokkaat kutsutaan tapaamaan el\u00e4int\u00e4. Tapaamatta ei el\u00e4int\u00e4 saa mukaansa.<\/li><\/ul>\n\n\n\n<p>Hakemusta laittaessa vastaathan kattavasti alla oleviin kysymyksiin. Vastausten avulla pystymme valitsemaan el\u00e4imille sopivimmat kodit. Emme huomioi vajavaisia taikka kahden lauseen hakemuksia. Huomaathan ett\u00e4 yhdistyksell\u00e4 on eri el\u00e4inlajeja hakemassa kotia. Kysymykset ovat yleiskysymyksi\u00e4 joita voi soveltaa eri el\u00e4inlajeihin.<\/p>\n\n\n\n<ul class=\"wp-block-list\"><li>Miksi haluat lemmikin ja mik\u00e4 kiinnitti juuri t\u00e4m\u00e4n el\u00e4imen ilmoituksessa huomiota?<\/li><li>Oletko ottanut selv\u00e4\u00e4 kyseisen el\u00e4inlajin lajityypillisest\u00e4 ruokinnasta, virikkeist\u00e4misest\u00e4, hoidosta ja terveydenhoidosta? Kerro mink\u00e4laista ja merkkist\u00e4 ruokaa olet ajatellut sy\u00f6tt\u00e4\u00e4.<\/li><li>Mink\u00e4laiset koulutusmetodit sinulla on k\u00e4yt\u00f6ss\u00e4? Oletko kohdannut aikaisemmin haasteita el\u00e4imen koulutuksessa ja miten niist\u00e4 olette selvinneet?<\/li><li>Mink\u00e4 ik\u00e4inen olet, ja ket\u00e4 perheeseesi kuuluu? <\/li><li>Onko koko perhe el\u00e4imen hankkimisen kannalla? <\/li><li>Onko p\u00e4\u00e4tetty kenell\u00e4 on p\u00e4\u00e4vastuu el\u00e4imest\u00e4? Jos perheess\u00e4 on lapsia, niin onko mietitty miten voimavarat riitt\u00e4v\u00e4t sek\u00e4 el\u00e4inten ett\u00e4 lasten hoitoon? Huomioithan ett\u00e4 16 vuotta nuorempi lapsi ei voi olla yksin vastuussa el\u00e4imen hyvinvoinnista, emmek\u00e4 my\u00f6sk\u00e4\u00e4n luovuta el\u00e4int\u00e4 alle 18 vuotiaalle. El\u00e4int\u00e4 ei my\u00f6sk\u00e4\u00e4n luovuteta pelk\u00e4st\u00e4\u00e4n lasten lemmikiksi.<\/li><li>Onko perheen allergiat kartoitettu etuk\u00e4teen?<\/li><li>Mink\u00e4laisessa el\u00e4m\u00e4ntilanteessa olet t\u00e4ll\u00e4 hetkell\u00e4? Miten el\u00e4m\u00e4ntilanteiden muutoksiin on varauduttu esimerkiksi ty\u00f6n ja opiskelujen suhteen? <\/li><li>Oletko ottanut selv\u00e4\u00e4 mist\u00e4 l\u00f6ytyy kyseiseen el\u00e4inlajiin perehtynyt l\u00e4\u00e4k\u00e4ri? Kuinka usein olisi tarkoitus k\u00e4ytt\u00e4\u00e4 el\u00e4int\u00e4 terveystarkastuksilla? Oletko ottanut selv\u00e4\u00e4 el\u00e4inl\u00e4\u00e4k\u00e4rikustannuksista?<\/li><li>Onko perheess\u00e4 muita lemmikkej\u00e4 ja mill\u00e4 tyylill\u00e4 olette ajatelleet tutustuttaa lemmikit toisiinsa? Huomaathan ett\u00e4 yhden y\u00f6n taikka parin p\u00e4iv\u00e4n perusteella johtop\u00e4\u00e4t\u00f6ksi\u00e4 toistensa kanssa toimeen tulemisesta ei voi tehd\u00e4, ja toisinaan kissojen sek\u00e4 kanien tutustumisessa toisiinsa saattaa menn\u00e4 useita viikkoja.<\/li><li>Mink\u00e4laisessa asunnossa asut, ja onko koti &#8221;el\u00e4insuojattu&#8221;? (Esim. aidattu piha, parvekelasit, huonekasvit&#8230;) Onko asunnossa tarpeeksi tilaa el\u00e4imelle? Miss\u00e4 p\u00e4in Suomea asut?<\/li><li>Onko sinulla aikaisempaa kokemusta kodinvaihtajista ja miten olet varautunut mahdollisiin ongelmiin joita kodinvaihtajien kohdalla saattaa ilmenty\u00e4 pitk\u00e4nkin ajan kuluttua? <\/li><li>Mitk\u00e4 olisivat ne syyt miksi el\u00e4imest\u00e4 joudutaan luopumaan ja miten t\u00e4ll\u00f6in toimitaan?<\/li><\/ul>\n\n\n\n<h3 class=\"wp-block-heading\">Luovutushinnat<\/h3>\n\n\n\n<p>Alkaen 01.01.2025, voimassa toistaiseksi.<\/p>\n\n\n\n<h4 class=\"wp-block-heading\">Kissat<\/h4>\n\n\n\n<ul class=\"wp-block-list\"><li>Aikuinen kissa 300 euroa<\/li><li>Pentukissa 350 euroa<\/li><li>Rotukissat 350 euroa<\/li><\/ul>\n\n\n\n<h4 class=\"wp-block-heading\">Koirat<\/h4>\n\n\n\n<ul class=\"wp-block-list\"><li>Koirat alkaen 700 euroa<\/li><\/ul>\n\n\n\n<h4 class=\"wp-block-heading\">Kanit<\/h4>\n\n\n\n<ul class=\"wp-block-list\"><li>Kanit alkaen 150 euroa<\/li><\/ul>\n\n\n\n<p>Muiden el\u00e4inten luovutushinta sovitaan tapauskohtaisesti.<\/p>\n","protected":false},"excerpt":{"rendered":"<p>Yleist\u00e4 Yhdistyksen kissat ja koirat luovutetaan uuteen kotiin el\u00e4inl\u00e4\u00e4k\u00e4rin tarkastamina, sirutettuina, loish\u00e4\u00e4dettyin\u00e4 ja rokotettuina sek\u00e4 leikattuina tai leikkausmaksusitoumuksella. Kanit luovutetaan leikattuina, sirutettuina ja RHD-rokotettuina. El\u00e4imen mikrosiru rekister\u00f6id\u00e4\u00e4n yhdistyksen toimesta&nbsp;Turvasiruun. Uuden omistajan tulee huolehtia koiransa rekister\u00f6iminen koirarekisteriin. Kissoja ei koskaan luovuteta vapaasti ulkoileviksi. Kissanpentujen luovutusik\u00e4 on aina v\u00e4hint\u00e4\u00e4n 14 viikkoa. El\u00e4imi\u00e4, esimerkiksi pentuja, ei voi varata&#46;&#46;&#46;<\/p>\n","protected":false},"author":5,"featured_media":0,"parent":0,"menu_order":0,"comment_status":"closed","ping_status":"closed","template":"","meta":{"footnotes":""},"class_list":["post-17","page","type-page","status-publish","hentry"],"_links":{"self":[{"href":"https:\/\/kodinetsijat.ksesy.fi\/index.php?rest_route=\/wp\/v2\/pages\/17","targetHints":{"allow":["GET"]}}],"collection":[{"href":"https:\/\/kodinetsijat.ksesy.fi\/index.php?rest_route=\/wp\/v2\/pages"}],"about":[{"href":"https:\/\/kodinetsijat.ksesy.fi\/index.php?rest_route=\/wp\/v2\/types\/page"}],"author":[{"embeddable":true,"href":"https:\/\/kodinetsijat.ksesy.fi\/index.php?rest_route=\/wp\/v2\/users\/5"}],"replies":[{"embeddable":true,"href":"https:\/\/kodinetsijat.ksesy.fi\/index.php?rest_route=%2Fwp%2Fv2%2Fcomments&post=17"}],"version-history":[{"count":14,"href":"https:\/\/kodinetsijat.ksesy.fi\/index.php?rest_route=\/wp\/v2\/pages\/17\/revisions"}],"predecessor-version":[{"id":1292,"href":"https:\/\/kodinetsijat.ksesy.fi\/index.php?rest_route=\/wp\/v2\/pages\/17\/revisions\/1292"}],"wp:attachment":[{"href":"https:\/\/kodinetsijat.ksesy.fi\/index.php?rest_route=%2Fwp%2Fv2%2Fmedia&parent=17"}],"curies":[{"name":"wp","href":"https:\/\/api.w.org\/{rel}","templated":true}]}}