{"id":13,"date":"2022-10-29T18:00:31","date_gmt":"2022-10-29T18:00:31","guid":{"rendered":"https:\/\/kodinetsijat.ksesy.fi\/?page_id=13"},"modified":"2022-10-29T18:00:31","modified_gmt":"2022-10-29T18:00:31","slug":"13-2","status":"publish","type":"page","link":"https:\/\/kodinetsijat.ksesy.fi\/","title":{"rendered":""},"content":{"rendered":"\n<ul class=\"wp-block-list\"><li>T\u00e4lt\u00e4 sivulta l\u00f6yd\u00e4t kaikki ne yhdistyksen kotia etsiv\u00e4t el\u00e4imet, jotka ovat valmiita uuteen kotiin.\u00a0<strong>Mik\u00e4li t\u00e4lt\u00e4 sivulta et l\u00f6yt\u00e4nyt mieleist\u00e4si lemmikki\u00e4, tiedustele my\u00f6s Keski-Suomen alueen\u00a0<\/strong><a href=\"https:\/\/ksesy.fi\/index.php\/elainsuojelu\/loytoelaimet\/\"><strong>l\u00f6yt\u00f6el\u00e4intaloista<\/strong><\/a><strong>\u00a0ja muista SEYn\u00a0<\/strong><a href=\"https:\/\/sey.fi\/jasenyhdistykset\/\"><strong>j\u00e4senyhdistyksist\u00e4<\/strong><\/a><strong>.<\/strong><\/li><li>Luethan\u00a0<a href=\"https:\/\/kodinetsijat.ksesy.fi\/?page_id=17\" data-type=\"page\" data-id=\"17\">adoptioinfomme<\/a>\u00a0ennen kodin tarjoamista.<\/li><li>Tiedustelut el\u00e4imist\u00e4 ainoastaan ilmoituksen lopussa mainittuun yhteyshenkil\u00f6\u00f6n, eth\u00e4n soita neuvontapuhelimeen.<\/li><\/ul>\n","protected":false},"excerpt":{"rendered":"<p>T\u00e4lt\u00e4 sivulta l\u00f6yd\u00e4t kaikki ne yhdistyksen kotia etsiv\u00e4t el\u00e4imet, jotka ovat valmiita uuteen kotiin.\u00a0Mik\u00e4li t\u00e4lt\u00e4 sivulta et l\u00f6yt\u00e4nyt mieleist\u00e4si lemmikki\u00e4, tiedustele my\u00f6s Keski-Suomen alueen\u00a0l\u00f6yt\u00f6el\u00e4intaloista\u00a0ja muista SEYn\u00a0j\u00e4senyhdistyksist\u00e4. Luethan\u00a0adoptioinfomme\u00a0ennen kodin tarjoamista. Tiedustelut el\u00e4imist\u00e4 ainoastaan ilmoituksen lopussa mainittuun yhteyshenkil\u00f6\u00f6n, eth\u00e4n soita neuvontapuhelimeen.<\/p>\n","protected":false},"author":5,"featured_media":0,"parent":0,"menu_order":0,"comment_status":"closed","ping_status":"closed","template":"","meta":{"footnotes":""},"class_list":["post-13","page","type-page","status-publish","hentry"],"_links":{"self":[{"href":"https:\/\/kodinetsijat.ksesy.fi\/index.php?rest_route=\/wp\/v2\/pages\/13","targetHints":{"allow":["GET"]}}],"collection":[{"href":"https:\/\/kodinetsijat.ksesy.fi\/index.php?rest_route=\/wp\/v2\/pages"}],"about":[{"href":"https:\/\/kodinetsijat.ksesy.fi\/index.php?rest_route=\/wp\/v2\/types\/page"}],"author":[{"embeddable":true,"href":"https:\/\/kodinetsijat.ksesy.fi\/index.php?rest_route=\/wp\/v2\/users\/5"}],"replies":[{"embeddable":true,"href":"https:\/\/kodinetsijat.ksesy.fi\/index.php?rest_route=%2Fwp%2Fv2%2Fcomments&post=13"}],"version-history":[{"count":1,"href":"https:\/\/kodinetsijat.ksesy.fi\/index.php?rest_route=\/wp\/v2\/pages\/13\/revisions"}],"predecessor-version":[{"id":19,"href":"https:\/\/kodinetsijat.ksesy.fi\/index.php?rest_route=\/wp\/v2\/pages\/13\/revisions\/19"}],"wp:attachment":[{"href":"https:\/\/kodinetsijat.ksesy.fi\/index.php?rest_route=%2Fwp%2Fv2%2Fmedia&parent=13"}],"curies":[{"name":"wp","href":"https:\/\/api.w.org\/{rel}","templated":true}]}}